{"id":5715,"date":"2026-02-03T20:27:29","date_gmt":"2026-02-04T02:27:29","guid":{"rendered":"https:\/\/bandoladeoro.com\/v2\/producto\/llavero-pavon-2125\/"},"modified":"2026-02-03T20:27:29","modified_gmt":"2026-02-04T02:27:29","slug":"llavero-pavon-2125","status":"publish","type":"product","link":"https:\/\/bandoladeoro.com\/v2\/producto\/llavero-pavon-2125\/","title":{"rendered":"Llavero Pav\u00f3n 2125"},"content":{"rendered":"","protected":false},"excerpt":{"rendered":"<p>Llavero Pav\u00f3n, metal aleaci\u00f3n zinc. Argolla 1.4 cm. abertura 13 x 7 mm<\/p>\n","protected":false},"featured_media":5714,"template":"","meta":[],"product_brand":[],"product_cat":[241],"product_tag":[242],"class_list":{"0":"post-5715","1":"product","2":"type-product","3":"status-publish","4":"has-post-thumbnail","6":"product_cat-llaveros","7":"product_tag-llaveros","9":"first","10":"instock","11":"taxable","12":"shipping-taxable","13":"purchasable","14":"product-type-simple"},"_links":{"self":[{"href":"https:\/\/bandoladeoro.com\/v2\/wp-json\/wp\/v2\/product\/5715","targetHints":{"allow":["GET"]}}],"collection":[{"href":"https:\/\/bandoladeoro.com\/v2\/wp-json\/wp\/v2\/product"}],"about":[{"href":"https:\/\/bandoladeoro.com\/v2\/wp-json\/wp\/v2\/types\/product"}],"wp:featuredmedia":[{"embeddable":true,"href":"https:\/\/bandoladeoro.com\/v2\/wp-json\/wp\/v2\/media\/5714"}],"wp:attachment":[{"href":"https:\/\/bandoladeoro.com\/v2\/wp-json\/wp\/v2\/media?parent=5715"}],"wp:term":[{"taxonomy":"product_brand","embeddable":true,"href":"https:\/\/bandoladeoro.com\/v2\/wp-json\/wp\/v2\/product_brand?post=5715"},{"taxonomy":"product_cat","embeddable":true,"href":"https:\/\/bandoladeoro.com\/v2\/wp-json\/wp\/v2\/product_cat?post=5715"},{"taxonomy":"product_tag","embeddable":true,"href":"https:\/\/bandoladeoro.com\/v2\/wp-json\/wp\/v2\/product_tag?post=5715"}],"curies":[{"name":"wp","href":"https:\/\/api.w.org\/{rel}","templated":true}]}}