{"id":2171,"date":"2026-01-23T07:57:17","date_gmt":"2026-01-23T01:57:17","guid":{"rendered":"https:\/\/bandoladeoro.com\/v2\/producto\/dije-pavon-28371\/"},"modified":"2026-01-23T07:57:18","modified_gmt":"2026-01-23T01:57:18","slug":"dije-pavon-28371","status":"publish","type":"product","link":"https:\/\/bandoladeoro.com\/v2\/producto\/dije-pavon-28371\/","title":{"rendered":"Dije Pav\u00f3n 28371"},"content":{"rendered":"","protected":false},"excerpt":{"rendered":"<p>Dije adorno coraz\u00f3n, pav\u00f3n, colgante, metal aleaci\u00f3n zinc, paso 6.9 mm<\/p>\n","protected":false},"featured_media":2170,"template":"","meta":[],"product_brand":[],"product_cat":[141],"product_tag":[142,143],"class_list":{"0":"post-2171","1":"product","2":"type-product","3":"status-publish","4":"has-post-thumbnail","6":"product_cat-dijes","7":"product_tag-dije","8":"product_tag-dijes","10":"first","11":"instock","12":"taxable","13":"shipping-taxable","14":"purchasable","15":"product-type-simple"},"_links":{"self":[{"href":"https:\/\/bandoladeoro.com\/v2\/wp-json\/wp\/v2\/product\/2171","targetHints":{"allow":["GET"]}}],"collection":[{"href":"https:\/\/bandoladeoro.com\/v2\/wp-json\/wp\/v2\/product"}],"about":[{"href":"https:\/\/bandoladeoro.com\/v2\/wp-json\/wp\/v2\/types\/product"}],"wp:featuredmedia":[{"embeddable":true,"href":"https:\/\/bandoladeoro.com\/v2\/wp-json\/wp\/v2\/media\/2170"}],"wp:attachment":[{"href":"https:\/\/bandoladeoro.com\/v2\/wp-json\/wp\/v2\/media?parent=2171"}],"wp:term":[{"taxonomy":"product_brand","embeddable":true,"href":"https:\/\/bandoladeoro.com\/v2\/wp-json\/wp\/v2\/product_brand?post=2171"},{"taxonomy":"product_cat","embeddable":true,"href":"https:\/\/bandoladeoro.com\/v2\/wp-json\/wp\/v2\/product_cat?post=2171"},{"taxonomy":"product_tag","embeddable":true,"href":"https:\/\/bandoladeoro.com\/v2\/wp-json\/wp\/v2\/product_tag?post=2171"}],"curies":[{"name":"wp","href":"https:\/\/api.w.org\/{rel}","templated":true}]}}